{"id":1186,"date":"2022-05-06T14:41:08","date_gmt":"2022-05-06T12:41:08","guid":{"rendered":"https:\/\/www.marrytime-maritimeweddings.com\/?page_id=1186"},"modified":"2024-12-05T21:59:11","modified_gmt":"2024-12-05T20:59:11","slug":"imprint","status":"publish","type":"page","link":"https:\/\/eternalcelebration.com\/en\/impressum\/","title":{"rendered":"Imprit"},"content":{"rendered":"<div data-elementor-type=\"wp-page\" data-elementor-id=\"1186\" class=\"elementor elementor-1186\" data-elementor-post-type=\"page\">\n\t\t\t\t\t\t<section class=\"elementor-section elementor-top-section elementor-element elementor-element-7713b6a elementor-section-boxed elementor-section-height-default elementor-section-height-default\" data-id=\"7713b6a\" data-element_type=\"section\" data-e-type=\"section\">\n\t\t\t\t\t\t<div class=\"elementor-container elementor-column-gap-default\">\n\t\t\t\t\t<div class=\"elementor-column elementor-col-100 elementor-top-column elementor-element elementor-element-f7b7367\" data-id=\"f7b7367\" data-element_type=\"column\" data-e-type=\"column\">\n\t\t\t<div class=\"elementor-widget-wrap elementor-element-populated\">\n\t\t\t\t\t\t<div class=\"elementor-element elementor-element-47db2eb elementor-widget elementor-widget-heading\" data-id=\"47db2eb\" data-element_type=\"widget\" data-e-type=\"widget\" data-widget_type=\"heading.default\">\n\t\t\t\t<div class=\"elementor-widget-container\">\n\t\t\t\t\t<h1 class=\"elementor-heading-title elementor-size-default\">Imprit<\/h1>\t\t\t\t<\/div>\n\t\t\t\t<\/div>\n\t\t\t\t<div class=\"elementor-element elementor-element-2a56a20 elementor-widget elementor-widget-text-editor\" data-id=\"2a56a20\" data-element_type=\"widget\" data-e-type=\"widget\" data-widget_type=\"text-editor.default\">\n\t\t\t\t<div class=\"elementor-widget-container\">\n\t\t\t\t\t\t\t\t\t<p>Informationspflicht laut \u00a75 E-Commerce Gesetz, \u00a714 Unternehmensgesetzbuch, \u00a763 Gewerbeordnung und Offenlegungspflicht laut \u00a725 Mediengesetz.<\/p>\n<p><strong>Firmeninformation<\/strong><br>Eternal Celebration<\/p>\n<p>Karla Babi\u0107-Ruttinger, MSc<br>Waltendorfer Hauptstra\u00dfe 125c<br>8042 Graz, \u00d6sterreich<\/p>\n<p><strong>Kontaktdaten<\/strong><br>+43 6648923120<br>hi@eternalcelebration.com<\/p>\n<p><strong>Weitere Information<\/strong><br>Unternehmensgegenstand Hochzeitsplanung<br>Mitglied bei: WK<\/p>\n<h5>&nbsp;<\/h5>\n<h5>Rechtliche Hinweise<\/h5>\n<p><strong>Beschwerdem\u00f6glichkeiten<\/strong><br>Sollten Sie Grund zur Beschwerde \u00fcber uns sowie andere mit uns verbundene Personen oder sonstige Beschwerden zu den angebotenen Dienstleistungen oder Produkten haben, k\u00f6nnen Sie sich schriftlich, telefonisch oder per Email an uns wenden.<\/p>\n<p><strong>Copyright<\/strong><br>Alle Inhalte auf dieser Webseite sind urheberrechtlich gesch\u00fctzt. Texte, Bilder, Grafiken, Sound, Animationen und Videos unterliegen dem Schutz des Urheberrechts und anderer Schutzgesetze. Der Inhalt darf nicht zu kommerziellen Zwecken kopiert, verbreitet, ver\u00e4ndert oder Dritten zug\u00e4nglich gemacht werden. Jede Nutzung, insbesondere die Speicherung in Datenbanken, Vervielf\u00e4ltigung, Verbreitung, Bearbeitung und jede Form von gewerblicher Nutzung sowie die Weitergabe an Dritte \u2013 auch in Teilen oder in \u00fcberarbeiteter Form \u2013 ohne Zustimmung des Betreibers bzw. des Urhebers ist untersagt.<\/p>\n<p><strong>Nutzung, Verf\u00fcgbarkeit, Haftungsausschluss<\/strong><br>Die Nutzung dieser Webseite erfolgt auf eigene Gefahr und auf eigenes Risiko. Wir \u00fcbernehmen weder Gew\u00e4hr f\u00fcr st\u00e4ndige Verf\u00fcgbarkeit noch f\u00fcr die ver\u00f6ffentlichten Beitr\u00e4ge, Angebote, Dienstleistungen und Services hinsichtlich Richtigkeit, Vollst\u00e4ndigkeit und Funktionalit\u00e4t. Jegliche Haftung f\u00fcr Sch\u00e4den, die direkt oder indirekt aus der Benutzung dieser Webseite entstehen, sind ausgeschlossen. Diese Webseite und die damit verbundenen Dienste werden unter dem Gesichtspunkt gr\u00f6\u00dfter Sorgfalt, Zuverl\u00e4ssigkeit und Verf\u00fcgbarkeit betrieben. Aus technischen Gr\u00fcnden ist es jedoch nicht m\u00f6glich, dass diese Dienste ohne Unterbrechung zug\u00e4nglich sind, dass die gew\u00fcnschten Verbindungen immer hergestellt werden k\u00f6nnen oder, dass gespeicherte Daten unter allen Gegebenheiten erhalten bleiben. Die st\u00e4ndige Verf\u00fcgbarkeit kann nicht zugesichert werden.<\/p>\n<p><strong>Links<\/strong><br>Bei Verlinkungen auf weitere Online-Angebote \u00fcbernehmen wir keine Haftung \u00fcber den Inhalt, Funktionalit\u00e4t und Verf\u00fcgbarkeit der verlinkten Webseite(n). Dies gilt auch bei allen anderen direkten oder indirekten Verweisen oder Verlinkungen auf fremde Internetangebote. Links auf diese Webseite sind erw\u00fcnscht, wenn sie als externe Links in einem eigenen Browserfenster gestaltet sind. Eine \u00dcbernahme des Hauptfensters in einen Frame des Linksetzers ist unzul\u00e4ssig. Sollte eine Webseite, auf die wir verlinkt haben, rechtswidrige Inhalte enthalten, so bitten wir um Mitteilung, der Link wird dann umgehend entfernt.<\/p>\n<p><strong>Bildquellen<\/strong><br><a href=\"https:\/\/lipstickweddings.com\/\">Lipstick Weddings<\/a>,&nbsp;<span style=\"font-style: inherit; font-weight: inherit; color: var( --e-global-color-text );\"><a href=\"https:\/\/www.andreagrzicic.com\/\">Andrea Grzicic<\/a>, <a href=\"https:\/\/www.clarabuchberger.com\/\">Clara Buchberger<\/a>, <a href=\"https:\/\/www.tarapusicweddings.com\/\">Tara Pusic<\/a>, <a href=\"https:\/\/www.rasetina-weddings.com\/\">Tomica Rasetina<\/a>, <a href=\"https:\/\/www.tollkuehn-foto.com\/\">Florian Josef Matzi<\/a>, <a href=\"https:\/\/www.loveandventures.com\">Loveandventures, <\/a><\/span><a href=\"https:\/\/www.michelepeloza.com\/\">Michele Peloza<\/a>, <a href=\"https:\/\/www.instagram.com\/fraeulein.sophie.fotografie\">Sophie Klich<\/a>, <a href=\"https:\/\/alovesomejourney.mypixieset.com\/?fbclid=PAZXh0bgNhZW0CMTEAAaYto59fFfV8Mfna72uaThEUSC6uQ60HY3AiuhENn49wFHNp-Qhi7VmGKRI_aem_GHui4bLlOpPKQqiGkxpf4w\">Lukas Elsneg<\/a>, <a href=\"https:\/\/www.instagram.com\/petarbegovic_weddings\">Petar Begovic<\/a>, <a href=\"https:\/\/www.ramonahackl.com\">Ramona Hackl<\/a>&nbsp;<\/p>\n<p><strong style=\"font-style: inherit; color: var( --e-global-color-text );\">Information zur Online-Streitbeilegung gem\u00e4\u00df \u00a7 19 Abs 3 AStG (Alternative-Streitbeilegung-Gesetz) \/ Art. 14 \u00a7 1 ODR-VO (Online-Streitbeilegungs-Verordnung).<\/strong><\/p>\n<p>Die EU-Kommission hat eine Online Plattform f\u00fcr au\u00dfergerichtliche Streitschlichtung bereitgestellt (OS Plattform). Verbrauchern gibt dies die M\u00f6glichkeit, Streitigkeiten im Zusammenhang mit Ihrer Online-Bestellung zun\u00e4chst ohne die Einschaltung eines Gerichts zu kl\u00e4ren. Die Streitbeilegungs-Plattform ist unter dem externen Link&nbsp; erreichbar.<\/p>\n<p>Wir sind bem\u00fcht, eventuelle Meinungsverschiedenheiten aus unserem Vertrag einvernehmlich beizulegen. Dar\u00fcber hinaus sind wir zu einer Teilnahme an einem Streitschlichtungsverfahren nicht verpflichtet und k\u00f6nnen Ihnen die Teilnahme an einem solchen Verfahren leider auch nicht anbieten.<\/p>\t\t\t\t\t\t\t\t<\/div>\n\t\t\t\t<\/div>\n\t\t\t\t<div class=\"elementor-element elementor-element-d4a10db elementor-widget elementor-widget-spacer\" data-id=\"d4a10db\" data-element_type=\"widget\" data-e-type=\"widget\" data-widget_type=\"spacer.default\">\n\t\t\t\t<div class=\"elementor-widget-container\">\n\t\t\t\t\t\t\t<div class=\"elementor-spacer\">\n\t\t\t<div class=\"elementor-spacer-inner\"><\/div>\n\t\t<\/div>\n\t\t\t\t\t\t<\/div>\n\t\t\t\t<\/div>\n\t\t\t\t\t<\/div>\n\t\t<\/div>\n\t\t\t\t\t<\/div>\n\t\t<\/section>\n\t\t\t\t<\/div>","protected":false},"excerpt":{"rendered":"<p>Impressum Informationspflicht laut \u00a75 E-Commerce Gesetz, \u00a714 Unternehmensgesetzbuch, \u00a763 Gewerbeordnung und Offenlegungspflicht laut \u00a725 Mediengesetz. FirmeninformationEternal Celebration Karla Babi\u0107-Ruttinger, MScWaltendorfer Hauptstra\u00dfe 125c8042 Graz, \u00d6sterreich Kontaktdaten+43 6648923120hi@eternalcelebration.com Weitere InformationUnternehmensgegenstand HochzeitsplanungMitglied bei: WK &nbsp; Rechtliche Hinweise Beschwerdem\u00f6glichkeitenSollten Sie Grund zur Beschwerde \u00fcber uns sowie andere mit uns verbundene Personen oder sonstige Beschwerden zu den angebotenen Dienstleistungen oder [&hellip;]<\/p>\n","protected":false},"author":1,"featured_media":0,"parent":0,"menu_order":0,"comment_status":"closed","ping_status":"closed","template":"","meta":{"site-sidebar-layout":"no-sidebar","site-content-layout":"page-builder","ast-site-content-layout":"default","site-content-style":"default","site-sidebar-style":"default","ast-global-header-display":"","ast-banner-title-visibility":"","ast-main-header-display":"","ast-hfb-above-header-display":"","ast-hfb-below-header-display":"","ast-hfb-mobile-header-display":"","site-post-title":"disabled","ast-breadcrumbs-content":"","ast-featured-img":"disabled","footer-sml-layout":"","ast-disable-related-posts":"","theme-transparent-header-meta":"","adv-header-id-meta":"","stick-header-meta":"","header-above-stick-meta":"","header-main-stick-meta":"","header-below-stick-meta":"","astra-migrate-meta-layouts":"default","ast-page-background-enabled":"default","ast-page-background-meta":{"desktop":{"background-color":"var(--ast-global-color-4)","background-image":"","background-repeat":"repeat","background-position":"center center","background-size":"auto","background-attachment":"scroll","background-type":"","background-media":"","overlay-type":"","overlay-color":"","overlay-opacity":"","overlay-gradient":""},"tablet":{"background-color":"","background-image":"","background-repeat":"repeat","background-position":"center center","background-size":"auto","background-attachment":"scroll","background-type":"","background-media":"","overlay-type":"","overlay-color":"","overlay-opacity":"","overlay-gradient":""},"mobile":{"background-color":"","background-image":"","background-repeat":"repeat","background-position":"center center","background-size":"auto","background-attachment":"scroll","background-type":"","background-media":"","overlay-type":"","overlay-color":"","overlay-opacity":"","overlay-gradient":""}},"ast-content-background-meta":{"desktop":{"background-color":"var(--ast-global-color-5)","background-image":"","background-repeat":"repeat","background-position":"center center","background-size":"auto","background-attachment":"scroll","background-type":"","background-media":"","overlay-type":"","overlay-color":"","overlay-opacity":"","overlay-gradient":""},"tablet":{"background-color":"var(--ast-global-color-5)","background-image":"","background-repeat":"repeat","background-position":"center center","background-size":"auto","background-attachment":"scroll","background-type":"","background-media":"","overlay-type":"","overlay-color":"","overlay-opacity":"","overlay-gradient":""},"mobile":{"background-color":"var(--ast-global-color-5)","background-image":"","background-repeat":"repeat","background-position":"center center","background-size":"auto","background-attachment":"scroll","background-type":"","background-media":"","overlay-type":"","overlay-color":"","overlay-opacity":"","overlay-gradient":""}},"footnotes":""},"class_list":["post-1186","page","type-page","status-publish","hentry"],"yoast_head":"<!-- This site is optimized with the Yoast SEO plugin v27.5 - https:\/\/yoast.com\/product\/yoast-seo-wordpress\/ -->\n<title>Impressum | Eternal Celebration<\/title>\n<meta name=\"description\" content=\"Impressum von Marrytime - Maritime Weddings\" \/>\n<meta name=\"robots\" content=\"index, follow, max-snippet:-1, max-image-preview:large, max-video-preview:-1\" \/>\n<link rel=\"canonical\" href=\"https:\/\/eternalcelebration.com\/en\/imprint\/\" \/>\n<meta property=\"og:locale\" content=\"en_US\" \/>\n<meta property=\"og:type\" content=\"article\" \/>\n<meta property=\"og:title\" content=\"Impressum | Eternal Celebration\" \/>\n<meta property=\"og:description\" content=\"Impressum von Marrytime - Maritime Weddings\" \/>\n<meta property=\"og:url\" content=\"https:\/\/eternalcelebration.com\/en\/imprint\/\" \/>\n<meta property=\"og:site_name\" content=\"Eternal Celebration\" \/>\n<meta property=\"article:publisher\" content=\"https:\/\/www.facebook.com\/eternalceleb\" \/>\n<meta property=\"article:modified_time\" content=\"2024-12-05T20:59:11+00:00\" \/>\n<meta name=\"twitter:card\" content=\"summary_large_image\" \/>\n<meta name=\"twitter:label1\" content=\"Est. reading time\" \/>\n\t<meta name=\"twitter:data1\" content=\"3 minutes\" \/>\n<script type=\"application\/ld+json\" class=\"yoast-schema-graph\">{\"@context\":\"https:\\\/\\\/schema.org\",\"@graph\":[{\"@type\":\"WebPage\",\"@id\":\"https:\\\/\\\/eternalcelebration.com\\\/impressum\\\/\",\"url\":\"https:\\\/\\\/eternalcelebration.com\\\/impressum\\\/\",\"name\":\"Impressum | Eternal Celebration\",\"isPartOf\":{\"@id\":\"https:\\\/\\\/eternalcelebration.com\\\/#website\"},\"datePublished\":\"2022-05-06T12:41:08+00:00\",\"dateModified\":\"2024-12-05T20:59:11+00:00\",\"description\":\"Impressum von Marrytime - Maritime Weddings\",\"breadcrumb\":{\"@id\":\"https:\\\/\\\/eternalcelebration.com\\\/impressum\\\/#breadcrumb\"},\"inLanguage\":\"en-US\",\"potentialAction\":[{\"@type\":\"ReadAction\",\"target\":[\"https:\\\/\\\/eternalcelebration.com\\\/impressum\\\/\"]}]},{\"@type\":\"BreadcrumbList\",\"@id\":\"https:\\\/\\\/eternalcelebration.com\\\/impressum\\\/#breadcrumb\",\"itemListElement\":[{\"@type\":\"ListItem\",\"position\":1,\"name\":\"Startseite\",\"item\":\"https:\\\/\\\/eternalcelebration.com\\\/\"},{\"@type\":\"ListItem\",\"position\":2,\"name\":\"Impressum\"}]},{\"@type\":\"WebSite\",\"@id\":\"https:\\\/\\\/eternalcelebration.com\\\/#website\",\"url\":\"https:\\\/\\\/eternalcelebration.com\\\/\",\"name\":\"Eternal Celebration\",\"description\":\"Eternal Celebration\",\"publisher\":{\"@id\":\"https:\\\/\\\/eternalcelebration.com\\\/#organization\"},\"potentialAction\":[{\"@type\":\"SearchAction\",\"target\":{\"@type\":\"EntryPoint\",\"urlTemplate\":\"https:\\\/\\\/eternalcelebration.com\\\/?s={search_term_string}\"},\"query-input\":{\"@type\":\"PropertyValueSpecification\",\"valueRequired\":true,\"valueName\":\"search_term_string\"}}],\"inLanguage\":\"en-US\"},{\"@type\":\"Organization\",\"@id\":\"https:\\\/\\\/eternalcelebration.com\\\/#organization\",\"name\":\"Eternal Celebration\",\"url\":\"https:\\\/\\\/eternalcelebration.com\\\/\",\"logo\":{\"@type\":\"ImageObject\",\"inLanguage\":\"en-US\",\"@id\":\"https:\\\/\\\/eternalcelebration.com\\\/#\\\/schema\\\/logo\\\/image\\\/\",\"url\":\"https:\\\/\\\/eternalcelebration.com\\\/wp-content\\\/uploads\\\/2024\\\/10\\\/ec-icon.png\",\"contentUrl\":\"https:\\\/\\\/eternalcelebration.com\\\/wp-content\\\/uploads\\\/2024\\\/10\\\/ec-icon.png\",\"width\":1794,\"height\":1234,\"caption\":\"Eternal Celebration\"},\"image\":{\"@id\":\"https:\\\/\\\/eternalcelebration.com\\\/#\\\/schema\\\/logo\\\/image\\\/\"},\"sameAs\":[\"https:\\\/\\\/www.facebook.com\\\/eternalceleb\",\"https:\\\/\\\/www.instagram.com\\\/eternal_celebration\"]}]}<\/script>\n<!-- \/ Yoast SEO plugin. -->","yoast_head_json":{"title":"Impressum | Eternal Celebration","description":"Impressum von Marrytime - Maritime Weddings","robots":{"index":"index","follow":"follow","max-snippet":"max-snippet:-1","max-image-preview":"max-image-preview:large","max-video-preview":"max-video-preview:-1"},"canonical":"https:\/\/eternalcelebration.com\/en\/imprint\/","og_locale":"en_US","og_type":"article","og_title":"Impressum | Eternal Celebration","og_description":"Impressum von Marrytime - Maritime Weddings","og_url":"https:\/\/eternalcelebration.com\/en\/imprint\/","og_site_name":"Eternal Celebration","article_publisher":"https:\/\/www.facebook.com\/eternalceleb","article_modified_time":"2024-12-05T20:59:11+00:00","twitter_card":"summary_large_image","twitter_misc":{"Est. reading time":"3 minutes"},"schema":{"@context":"https:\/\/schema.org","@graph":[{"@type":"WebPage","@id":"https:\/\/eternalcelebration.com\/impressum\/","url":"https:\/\/eternalcelebration.com\/impressum\/","name":"Impressum | Eternal Celebration","isPartOf":{"@id":"https:\/\/eternalcelebration.com\/#website"},"datePublished":"2022-05-06T12:41:08+00:00","dateModified":"2024-12-05T20:59:11+00:00","description":"Impressum von Marrytime - Maritime Weddings","breadcrumb":{"@id":"https:\/\/eternalcelebration.com\/impressum\/#breadcrumb"},"inLanguage":"en-US","potentialAction":[{"@type":"ReadAction","target":["https:\/\/eternalcelebration.com\/impressum\/"]}]},{"@type":"BreadcrumbList","@id":"https:\/\/eternalcelebration.com\/impressum\/#breadcrumb","itemListElement":[{"@type":"ListItem","position":1,"name":"Startseite","item":"https:\/\/eternalcelebration.com\/"},{"@type":"ListItem","position":2,"name":"Impressum"}]},{"@type":"WebSite","@id":"https:\/\/eternalcelebration.com\/#website","url":"https:\/\/eternalcelebration.com\/","name":"Eternal Celebration","description":"Eternal Celebration","publisher":{"@id":"https:\/\/eternalcelebration.com\/#organization"},"potentialAction":[{"@type":"SearchAction","target":{"@type":"EntryPoint","urlTemplate":"https:\/\/eternalcelebration.com\/?s={search_term_string}"},"query-input":{"@type":"PropertyValueSpecification","valueRequired":true,"valueName":"search_term_string"}}],"inLanguage":"en-US"},{"@type":"Organization","@id":"https:\/\/eternalcelebration.com\/#organization","name":"Eternal Celebration","url":"https:\/\/eternalcelebration.com\/","logo":{"@type":"ImageObject","inLanguage":"en-US","@id":"https:\/\/eternalcelebration.com\/#\/schema\/logo\/image\/","url":"https:\/\/eternalcelebration.com\/wp-content\/uploads\/2024\/10\/ec-icon.png","contentUrl":"https:\/\/eternalcelebration.com\/wp-content\/uploads\/2024\/10\/ec-icon.png","width":1794,"height":1234,"caption":"Eternal Celebration"},"image":{"@id":"https:\/\/eternalcelebration.com\/#\/schema\/logo\/image\/"},"sameAs":["https:\/\/www.facebook.com\/eternalceleb","https:\/\/www.instagram.com\/eternal_celebration"]}]}},"_links":{"self":[{"href":"https:\/\/eternalcelebration.com\/en\/wp-json\/wp\/v2\/pages\/1186","targetHints":{"allow":["GET"]}}],"collection":[{"href":"https:\/\/eternalcelebration.com\/en\/wp-json\/wp\/v2\/pages"}],"about":[{"href":"https:\/\/eternalcelebration.com\/en\/wp-json\/wp\/v2\/types\/page"}],"author":[{"embeddable":true,"href":"https:\/\/eternalcelebration.com\/en\/wp-json\/wp\/v2\/users\/1"}],"replies":[{"embeddable":true,"href":"https:\/\/eternalcelebration.com\/en\/wp-json\/wp\/v2\/comments?post=1186"}],"version-history":[{"count":104,"href":"https:\/\/eternalcelebration.com\/en\/wp-json\/wp\/v2\/pages\/1186\/revisions"}],"predecessor-version":[{"id":9105,"href":"https:\/\/eternalcelebration.com\/en\/wp-json\/wp\/v2\/pages\/1186\/revisions\/9105"}],"wp:attachment":[{"href":"https:\/\/eternalcelebration.com\/en\/wp-json\/wp\/v2\/media?parent=1186"}],"curies":[{"name":"wp","href":"https:\/\/api.w.org\/{rel}","templated":true}]}}